{"id":2,"date":"2025-07-07T11:37:36","date_gmt":"2025-07-07T11:37:36","guid":{"rendered":"http:\/\/annam.ovh\/?page_id=2"},"modified":"2026-01-22T16:49:05","modified_gmt":"2026-01-22T16:49:05","slug":"biographie","status":"publish","type":"page","link":"http:\/\/annam.ovh\/index.php\/home\/biographie\/","title":{"rendered":"Biographie"},"content":{"rendered":"\n<div class=\"wp-block-columns alignwide is-style-default has-medium-font-size is-layout-flex wp-container-core-columns-is-layout-b478cacd wp-block-columns-is-layout-flex\" style=\"padding-right:0;padding-left:0\">\n<div class=\"wp-block-column is-layout-flow wp-container-core-column-is-layout-f3ae12ef wp-block-column-is-layout-flow\" style=\"padding-right:var(--wp--preset--spacing--60);flex-basis:50%\">\n<figure class=\"wp-block-image size-full is-resized has-custom-border is-style-default\" style=\"margin-top:8.3rem;margin-right:0;margin-bottom:8.3rem;margin-left:0\"><img loading=\"lazy\" decoding=\"async\" width=\"2560\" height=\"1707\" src=\"http:\/\/annam.ovh\/wp-content\/uploads\/2025\/07\/2O5B5587-Avec-accentuation-Bruit-scaled.jpg\" alt=\"\" class=\"wp-image-40\" style=\"border-style:none;border-width:0px;aspect-ratio:1.1625;object-fit:contain;width:434px;height:auto\" srcset=\"http:\/\/annam.ovh\/wp-content\/uploads\/2025\/07\/2O5B5587-Avec-accentuation-Bruit-scaled.jpg 2560w, http:\/\/annam.ovh\/wp-content\/uploads\/2025\/07\/2O5B5587-Avec-accentuation-Bruit-300x200.jpg 300w, http:\/\/annam.ovh\/wp-content\/uploads\/2025\/07\/2O5B5587-Avec-accentuation-Bruit-1024x683.jpg 1024w, http:\/\/annam.ovh\/wp-content\/uploads\/2025\/07\/2O5B5587-Avec-accentuation-Bruit-768x512.jpg 768w, http:\/\/annam.ovh\/wp-content\/uploads\/2025\/07\/2O5B5587-Avec-accentuation-Bruit-1536x1024.jpg 1536w, http:\/\/annam.ovh\/wp-content\/uploads\/2025\/07\/2O5B5587-Avec-accentuation-Bruit-2048x1365.jpg 2048w\" sizes=\"(max-width: 2560px) 100vw, 2560px\" \/><\/figure>\n\n\n\n<div class=\"wp-block-group is-layout-constrained wp-block-group-is-layout-constrained\" style=\"margin-top:-12vw\"><\/div>\n<\/div>\n\n\n\n<div class=\"wp-block-column is-vertically-aligned-center has-primary-background-color has-background is-layout-flow wp-container-core-column-is-layout-5a5c8e5d wp-block-column-is-layout-flow\" style=\"border-style:none;border-width:0px;padding-top:0;padding-right:0;padding-bottom:0;padding-left:0;font-size:17px;flex-basis:40%\">\n<p class=\"has-foreground-color has-primary-background-color has-text-color has-background has-link-color has-upper-heading-font-size wp-elements-1a045c8bbd9930209ca5455956581efa\" style=\"padding-right:var(--wp--preset--spacing--40);padding-left:var(--wp--preset--spacing--40)\">Anna M a \u00e9tait berc\u00e9e de New Wave depuis sa plus tendre enfance ( Depeche Mode, Les Cures ou Talk Talk)<\/p>\n\n\n\n<div class=\"wp-block-group is-vertical is-layout-flex wp-container-core-group-is-layout-fe9cc265 wp-block-group-is-layout-flex\">\n<p class=\"has-foreground-color has-primary-background-color has-text-color has-background has-link-color has-upper-heading-font-size wp-elements-364a79fa406742829c67d88b765de645\" style=\"padding-top:var(--wp--preset--spacing--40);padding-right:var(--wp--preset--spacing--50);padding-bottom:var(--wp--preset--spacing--40);padding-left:var(--wp--preset--spacing--50)\">Elle reprend alors le nom de sa grand mere pour aiguis\u00e9 sa plume et rendre hommage a cette culture qui lui a fait comprendre qui elle \u00e9tait. (Une jeune fille avec beaucoup de fant\u00f4mes \u00e0 raconter)<\/p>\n\n\n\n<p class=\"has-foreground-color has-primary-background-color has-text-color has-background has-link-color has-upper-heading-font-size wp-elements-205e05d4e5af0abc5d829bc251e211e6\">Le temps d&#8217;un voyage fantastique elle vous invite \u00e0 affronter les votres avec des nappes dansante et des emotions tapantes.<\/p>\n<\/div>\n<\/div>\n<\/div>\n\n\n","protected":false},"excerpt":{"rendered":"<p>Anna M a \u00e9tait berc\u00e9e de New Wave depuis sa plus tendre enfance ( Depeche Mode, Les Cures ou Talk Talk) Elle reprend alors le nom de sa grand mere pour aiguis\u00e9 sa plume et rendre hommage a cette culture qui lui a fait comprendre qui elle \u00e9tait. (Une jeune fille avec beaucoup de fant\u00f4mes [&hellip;]<\/p>\n","protected":false},"author":1,"featured_media":27,"parent":54,"menu_order":0,"comment_status":"closed","ping_status":"closed","template":"","meta":{"saved_in_kubio":true,"footnotes":""},"class_list":["post-2","page","type-page","status-publish","has-post-thumbnail","hentry"],"kubio_ai_page_context":{"short_desc":"","purpose":"general"},"_links":{"self":[{"href":"http:\/\/annam.ovh\/index.php\/wp-json\/wp\/v2\/pages\/2","targetHints":{"allow":["GET"]}}],"collection":[{"href":"http:\/\/annam.ovh\/index.php\/wp-json\/wp\/v2\/pages"}],"about":[{"href":"http:\/\/annam.ovh\/index.php\/wp-json\/wp\/v2\/types\/page"}],"author":[{"embeddable":true,"href":"http:\/\/annam.ovh\/index.php\/wp-json\/wp\/v2\/users\/1"}],"replies":[{"embeddable":true,"href":"http:\/\/annam.ovh\/index.php\/wp-json\/wp\/v2\/comments?post=2"}],"version-history":[{"count":7,"href":"http:\/\/annam.ovh\/index.php\/wp-json\/wp\/v2\/pages\/2\/revisions"}],"predecessor-version":[{"id":382,"href":"http:\/\/annam.ovh\/index.php\/wp-json\/wp\/v2\/pages\/2\/revisions\/382"}],"up":[{"embeddable":true,"href":"http:\/\/annam.ovh\/index.php\/wp-json\/wp\/v2\/pages\/54"}],"wp:featuredmedia":[{"embeddable":true,"href":"http:\/\/annam.ovh\/index.php\/wp-json\/wp\/v2\/media\/27"}],"wp:attachment":[{"href":"http:\/\/annam.ovh\/index.php\/wp-json\/wp\/v2\/media?parent=2"}],"curies":[{"name":"wp","href":"https:\/\/api.w.org\/{rel}","templated":true}]}}